{"id":2595,"date":"2019-11-11T11:01:55","date_gmt":"2019-11-11T10:01:55","guid":{"rendered":"https:\/\/www.maticsever.com\/?page_id=2595"},"modified":"2019-11-19T09:10:11","modified_gmt":"2019-11-19T08:10:11","slug":"o-meni","status":"publish","type":"page","link":"https:\/\/www.maticsever.com\/sl\/o-meni\/","title":{"rendered":"O meni"},"content":{"rendered":"<p>[vc_row css=&#8221;.vc_custom_1502270951744{border-bottom-width: 1px !important;padding-bottom: 5% !important;border-bottom-color: #dcddde !important;border-bottom-style: solid !important;}&#8221;][vc_column width=&#8221;3\/6&#8243;]<div id=\"ultimate-heading-284969d22919d2724\" class=\"qtc-heading uvc-heading ult-adjust-bottom-margin ultimate-heading-284969d22919d2724 uvc-7297 \" data-hspacer=\"no_spacer\"  data-halign=\"left\" style=\"text-align:left\"><div class=\"uvc-heading-spacer no_spacer\" style=\"top\"><\/div><div class=\"qparadise-sub-title\"><p style=\"font-weight:normal;font-size:30px;line-height:35px;\">Dobrodo\u0161li<\/p><\/div><div class=\"uvc-main-heading ult-responsive\"  data-ultimate-target='.uvc-heading.ultimate-heading-284969d22919d2724 h2'  data-responsive-json-new='{\"font-size\":\"\",\"line-height\":\"\"}' ><h2 style=\"font-weight:bold;\">Matic Sever - oblikovanje vrtov<\/h2><\/div><div class=\"uvc-sub-heading ult-responsive\"  data-ultimate-target='.uvc-heading.ultimate-heading-284969d22919d2724 .uvc-sub-heading '  data-responsive-json-new='{\"font-size\":\"\",\"line-height\":\"\"}'  style=\"font-weight:normal;margin-top:15px;\">\u017de pred \u0161tudijem na <strong>Biotehni\u0161ki fakulteti Univerze v Ljubljani<\/strong>, kjer sem diplomiral iz univerzitetnega \u0161tudija agronomije, sem v okviru \u0161tudentskega dela nabiral <strong>znanje in izku\u0161nje v Botani\u010dnem vrtu v Ljubljani<\/strong>, ve\u010d vrtnarijah in vrtnih centrih. Prva pomembnej\u0161a prelomnica je bilo <strong>sre\u010danje z gospo Jeleno de Belder Kova\u010di\u010d<\/strong>, pri kateri sem se leta 2002 u\u010dil na njenem posestvu Hemelrijk v Belgiji. V to dr\u017eavo sem se ponovno vrnil leta 2009 in se takrat izobra\u017eeval v okviru <strong>prostovoljnega dela v Arboretumu Kalmthout<\/strong>.<\/p>\n<p>Prav posebna zgodba je bilo moje prvo sodelovanje na razstavi <strong>Chelsea Flower Show v Londonu<\/strong> 2012, kamor me je povabil Borut Benedej\u010di\u010d (zlata medalja in nagrada za najbolj\u0161i vrt na razstavi Hampton Court Flower Show 2009), v tujini prepoznaven slovenski oblikovalec vrtov. Borut me je povabil, da za njegov vrt Pepina zgodba vzgojim sadike trajnic. Vrt je prejel drugo najvi\u0161je priznanje \u2013 pozla\u010deno medaljo. Tri leta kasneje sem ponovno sodeloval na tej presti\u017eni londonski razstavi, in sicer pri projektu Vodna postaja istega avtorja, Boruta Benedej\u010di\u010da. Pripravil sem predlog okrasnih zelnatih trajnic in jih za razstavo tudi vzgojil. Tudi ta vrt je prejel drugo najvi\u0161je priznanje \u2013 pozla\u010deno medaljo.<\/p>\n<p>Obiskovanje evropskih vrtov, parkov in vrtnarskih razstav je moja stalnica, v moji domovini Sloveniji pa najve\u010d pozornosti namenjam izletom v naravo. Tja ne hodim le po sprostitev, pa\u010d pa predvsem zaradi <strong>iskanja navdihov v lepotah \u017eive in ne\u017eive narave<\/strong>. Ob\u010dudujem in se u\u010dim iz pestrega nabora kombinacij rastlin in ekolo\u0161kih zahtev posameznih vrst. Prou\u010devanje rastlin pa se ne dotika ve\u010d le doma\u010dih logov, katerim sicer \u0161e vedno dajem prednost. Razli\u010dna poznanstva so mi odprla poti v nekatere od najlep\u0161ih koti\u010dkov Evrope, 2015 pa me je pot ponesla tudi <strong>v Himalajo v Sikkim<\/strong>. \u00a0<strong>Mednarodna botani\u010dna odprava<\/strong> z namenom preu\u010devanja tamkaj\u0161nje flore je potekala pod delnim pokroviteljstvom dru\u0161tva International Dendrological Society.<\/p>\n<p>Od 2009 v Ljubljani <strong>vodim lastno vrtnarijo s specializirano ponudbo trajnic<\/strong>. Vse od takrat tudi pi\u0161em \u010dlanke za \u0161tevilne vrtnarske revije, priloge in \u010dasopise. Nekaj energije sem usmeril tudi v pisanje knjig. Med drugim je za tujo javnost zagotovo zanimiv prevod ene izmed mojih knjig v franco\u0161\u010dino z naslovom Vivaces sans arrosange. Zadnja ve\u010dja karierna sprememba se je zgodila 2016, ko sem za 3 leta nastopil kot <strong>glavni urednik vrtnarske revije<\/strong> Ro\u017ee in vrt.<\/div><\/div>[\/vc_column][vc_column width=&#8221;3\/6&#8243;][vc_single_image image=&#8221;2423&#8243; img_size=&#8221;full&#8221; alignment=&#8221;center&#8221; css=&#8221;.vc_custom_1573121154257{margin-top: 50px !important;}&#8221;][\/vc_column][\/vc_row][vc_row css=&#8221;.vc_custom_1503309446158{padding-top: 5% !important;padding-bottom: 5% !important;}&#8221; el_class=&#8221;section-timeline-about&#8221;][vc_column width=&#8221;1\/3&#8243; el_class=&#8221;col-timeline&#8221;]<div class=\"timeline timeline-wrapper ult-adjust-bottom-margin  \" ><ul class=\"timelines-content\"><li class = \"timeline-item\"><h5 class = \"title\" style=\"\">2002<\/h5><div class=\"content\" style=\"\">Hemelrijk, Belgija<\/div><\/li><li class = \"timeline-item\"><h5 class = \"title\" style=\"\">2009<\/h5><div class=\"content\" style=\"\">Arboretum Kalmthout, Belgija<\/div><\/li><li class = \"timeline-item\"><h5 class = \"title\" style=\"\">2012<\/h5><div class=\"content\" style=\"\">Chelsea Flower Show v Londonu<\/div><\/li><li class = \"timeline-item\"><h5 class = \"title\" style=\"\">2016<\/h5><div class=\"content\" style=\"\">Glavni urednik revije Ro\u017ee in vrt<\/div><\/li><\/ul><\/div>[\/vc_column][vc_column width=&#8221;1\/3&#8243; el_class=&#8221;col-img&#8221;][vc_single_image image=&#8221;1417&#8243; img_size=&#8221;320&#215;320&#8243;][\/vc_column][vc_column width=&#8221;1\/3&#8243; el_class=&#8221;col-text&#8221;][vc_column_text]<strong>Kaj \u017eelim dose\u010di?<\/strong>\u00a0Seveda bi rad pridobil \u010dim ve\u010d znanja, pa ne samo z obiskovanjem vrtov, narave in branjem knjig, v \u010dast si \u0161tejem vsako novo poznanstvo med razli\u010dnimi strokovnjaki na hortikulturnem podro\u010dju kot tudi ljubitelji vrtnarjenja. Vsak ti da nekaj, \u010de le prejema\u0161, sicer pa \u2013 vse se ne vrti samo okoli rastlin. \u017delim si deliti vse pridobljeno znanje in s tem prispevati k ve\u010djemu interesu za naravo in vrtnarstvo, oplemenititi splo\u0161no vrtno kulturo ter s svojimi prizadevanji deliti veselje do \u017eivljenja.[\/vc_column_text][\/vc_column][\/vc_row][vc_row][vc_column][vc_raw_html]JTVCaW5zdGFncmFtLWZlZWQlMjBudW0lM0Q4JTIwY29scyUzRDQlMjBzaG93Zm9sbG93JTNEZmFsc2UlNUQ=[\/vc_raw_html][\/vc_column][\/vc_row][vc_row full_width=&#8221;stretch_row&#8221; css=&#8221;.vc_custom_1574151008934{padding-top: 54px !important;padding-bottom: 20px !important;background-image: url(https:\/\/www.maticsever.com\/wp-content\/uploads\/2019\/10\/bg-contact2.jpg?id=1326) !important;background-position: center !important;background-repeat: no-repeat !important;background-size: cover !important;}&#8221;][vc_column width=&#8221;1\/2&#8243;][\/vc_column][vc_column width=&#8221;1\/2&#8243;]<div id=\"ultimate-heading-775669d22919d28f9\" class=\"qtc-heading uvc-heading ult-adjust-bottom-margin ultimate-heading-775669d22919d28f9 uvc-1737 text-contact-ft\" data-hspacer=\"no_spacer\"  data-halign=\"center\" style=\"text-align:center\"><div class=\"uvc-heading-spacer no_spacer\" style=\"top\"><\/div><div class=\"qparadise-sub-title\"><p style=\"font-weight:normal;color:#ffffff;font-size:55px;line-height:60px;\">Kontakt<\/p><\/div><div class=\"uvc-sub-heading ult-responsive\"  data-ultimate-target='.uvc-heading.ultimate-heading-775669d22919d28f9 .uvc-sub-heading '  data-responsive-json-new='{\"font-size\":\"desktop:19px;\",\"line-height\":\"desktop:26px;\"}'  style=\"font-family:'Poppins';font-weight:normal;color:#f8f8f8;margin-bottom:40px;\"><\/p>\n<div id=\"ultimate-heading-73925dca890f3e6f8\" class=\"qtc-heading uvc-heading ult-adjust-bottom-margin ultimate-heading-73925dca890f3e6f8 uvc-4845 text-contact-ft\" data-hspacer=\"no_spacer\" data-halign=\"center\">\n<div class=\"uvc-sub-heading ult-responsive\" data-ultimate-target=\".uvc-heading.ultimate-heading-73925dca890f3e6f8 .uvc-sub-heading \" data-responsive-json-new=\"{&quot;font-size&quot;:&quot;desktop:19px;&quot;,&quot;line-height&quot;:&quot;desktop:26px;&quot;}\">\u017delite svetovanje na terenu, idejno skico ali\u00a0 na\u010drt vrta? Kontaktirajte me in dogovorili se bomo za vam najustreznej\u0161o pot k lep\u0161i okolici.<\/div>\n<\/div>\n<p><\/div><\/div><div class=\" ubtn-ctn-center custom-btn-icon\"><a class=\"ubtn-link ult-adjust-bottom-margin ubtn-center ubtn-custom custom-btn-icon\" href=\"mailto:info@trajnice-carniola.com\" ><button type=\"button\" id=\"ubtn-3692\"  class=\"ubtn ult-adjust-bottom-margin ult-responsive ubtn-custom ubtn-no-hover-bg  none  ubtn-sep-icon ubtn-sep-icon-at-left  ubtn-center   tooltip-69d22919d2949\"  data-hover=\"#64a507\" data-border-color=\"#ffffff\" data-bg=\"#ffffff\" data-hover-bg=\"\" data-border-hover=\"\" data-shadow-hover=\"\" data-shadow-click=\"none\" data-shadow=\"\" data-shd-shadow=\"\"  data-ultimate-target='#ubtn-3692'  data-responsive-json-new='{\"font-size\":\"desktop:25px;\",\"line-height\":\"desktop:30px;\"}'  style=\"font-family:&#039;Poppins&#039;;font-weight:700;width:px;min-height:66px;padding:0px 50px;border-radius:50px;border-width:1px;border-color:#ffffff;border-style:solid;background: #ffffff;color: #4e5453;\"><span class=\"ubtn-data ubtn-icon\"><i class=\"Defaults-envelope\" style=\"font-size:30px;color:#4e5453;\"><\/i><\/span><span class=\"ubtn-hover\" style=\"background-color:\"><\/span><span class=\"ubtn-data ubtn-text \" >info@trajnice-carniola.com<\/span><\/button><\/a><\/div>[\/vc_column][\/vc_row]<\/p>\n","protected":false},"excerpt":{"rendered":"<p>[vc_row css=&#8221;.vc_custom_1502270951744{border-bottom-width: 1px !important;padding-bottom: 5% !important;border-bottom-color: #dcddde !important;border-bottom-style: solid !important;}&#8221;][vc_column width=&#8221;3\/6&#8243;][\/vc_column][vc_column width=&#8221;3\/6&#8243;][vc_single_image image=&#8221;2423&#8243; img_size=&#8221;full&#8221; alignment=&#8221;center&#8221; css=&#8221;.vc_custom_1573121154257{margin-top: 50px !important;}&#8221;][\/vc_column][\/vc_row][vc_row css=&#8221;.vc_custom_1503309446158{padding-top: 5% !important;padding-bottom: 5% !important;}&#8221; el_class=&#8221;section-timeline-about&#8221;][vc_column width=&#8221;1\/3&#8243; el_class=&#8221;col-timeline&#8221;][\/vc_column][vc_column width=&#8221;1\/3&#8243; el_class=&#8221;col-img&#8221;][vc_single_image image=&#8221;1417&#8243; img_size=&#8221;320&#215;320&#8243;][\/vc_column][vc_column width=&#8221;1\/3&#8243; el_class=&#8221;col-text&#8221;][vc_column_text]Kaj \u017eelim dose\u010di?\u00a0Seveda bi rad pridobil \u010dim ve\u010d znanja, pa ne samo z obiskovanjem vrtov, narave in branjem knjig, v \u010dast si \u0161tejem vsako [&hellip;]<\/p>\n","protected":false},"author":1,"featured_media":0,"parent":0,"menu_order":0,"comment_status":"closed","ping_status":"closed","template":"","meta":{"footnotes":""},"class_list":["post-2595","page","type-page","status-publish","hentry"],"aioseo_notices":[],"_links":{"self":[{"href":"https:\/\/www.maticsever.com\/sl\/wp-json\/wp\/v2\/pages\/2595","targetHints":{"allow":["GET"]}}],"collection":[{"href":"https:\/\/www.maticsever.com\/sl\/wp-json\/wp\/v2\/pages"}],"about":[{"href":"https:\/\/www.maticsever.com\/sl\/wp-json\/wp\/v2\/types\/page"}],"author":[{"embeddable":true,"href":"https:\/\/www.maticsever.com\/sl\/wp-json\/wp\/v2\/users\/1"}],"replies":[{"embeddable":true,"href":"https:\/\/www.maticsever.com\/sl\/wp-json\/wp\/v2\/comments?post=2595"}],"version-history":[{"count":4,"href":"https:\/\/www.maticsever.com\/sl\/wp-json\/wp\/v2\/pages\/2595\/revisions"}],"predecessor-version":[{"id":2819,"href":"https:\/\/www.maticsever.com\/sl\/wp-json\/wp\/v2\/pages\/2595\/revisions\/2819"}],"wp:attachment":[{"href":"https:\/\/www.maticsever.com\/sl\/wp-json\/wp\/v2\/media?parent=2595"}],"curies":[{"name":"wp","href":"https:\/\/api.w.org\/{rel}","templated":true}]}}