{"id":2616,"date":"2019-11-11T11:09:40","date_gmt":"2019-11-11T10:09:40","guid":{"rendered":"https:\/\/www.maticsever.com\/?page_id=2616"},"modified":"2019-11-19T08:29:11","modified_gmt":"2019-11-19T07:29:11","slug":"predavanja","status":"publish","type":"page","link":"https:\/\/www.maticsever.com\/sl\/predavanja\/","title":{"rendered":"Predavanja"},"content":{"rendered":"<p>[vc_row el_class=&#8221;section-who-we-are-h3&#8243;][vc_column width=&#8221;1\/2&#8243; el_class=&#8221;col-who-we-are-h3&#8243;][vc_column_text]Eno do mojih poslanstev je tudi predajanje znanja, in to najraje po\u010dnem v \u017eivo z neposredno komunikacijo. Ni lep\u0161ega, kot npr. preizkusiti manj znane ali nove sorte rastlin, jih spremljati od setve do cvetenja, jih ovekove\u010diti s fotografiranjem \u2013 \u0161e ena od mojih strasti \u2013 in rezultat pokazati vsem zainteresiranim. Ne predavam samo o rastlinah, pa\u010d pa tudi o oblikovanju vrtov in zasaditev, o trajnostnem vrtnarjenju, o mojih potepanjih po vrtovih, parkih in zanimivih botani\u010dnih koti\u010dkih sveta. \u2028Predavam v sloven\u0161\u010dini in angle\u0161\u010dini.[\/vc_column_text][\/vc_column][vc_column width=&#8221;1\/2&#8243;][vc_single_image image=&#8221;2461&#8243; img_size=&#8221;full&#8221;][\/vc_column][\/vc_row][vc_row full_width=&#8221;stretch_row&#8221; css=&#8221;.vc_custom_1572943666382{padding-top: 38px !important;padding-bottom: 34px !important;background-color: #5a8159 !important;background-position: center !important;background-repeat: no-repeat !important;background-size: cover !important;}&#8221; el_class=&#8221;section-purchase-now-h1&#8243;][vc_column width=&#8221;3\/4&#8243;]<div id=\"ultimate-heading-339569e738068d967\" class=\"qtc-heading uvc-heading ult-adjust-bottom-margin ultimate-heading-339569e738068d967 uvc-9020 \" data-hspacer=\"no_spacer\"  data-halign=\"left\" style=\"text-align:left\"><div class=\"uvc-heading-spacer no_spacer\" style=\"top\"><\/div><div class=\"uvc-sub-heading ult-responsive\"  data-ultimate-target='.uvc-heading.ultimate-heading-339569e738068d967 .uvc-sub-heading '  data-responsive-json-new='{\"font-size\":\"desktop:30px;\",\"line-height\":\"desktop:52px;\"}'  style=\"font-family:'Poppins';font-weight:700;color:#ffffff;\">NAREDITE NEKAJ ZASE IN ZA NARAVO!<\/div><\/div>[\/vc_column][vc_column width=&#8221;1\/4&#8243;]<div class=\" vc_custom_1574148548876 ubtn-ctn-right \"><a class=\"ubtn-link ult-adjust-bottom-margin ubtn-right ubtn-custom \" href=\"\/sl\/kontakt\" target=\"_blank\" rel=\"nofollow  noopener\" ><button type=\"button\" id=\"ubtn-2817\"  class=\"ubtn ult-adjust-bottom-margin ult-responsive ubtn-custom ubtn-no-hover-bg  none  ubtn-right   tooltip-69e738068dad8\"  data-hover=\"#64a507\" data-border-color=\"#ffffff\" data-bg=\"#ffffff\" data-hover-bg=\"\" data-border-hover=\"\" data-shadow-hover=\"\" data-shadow-click=\"none\" data-shadow=\"\" data-shd-shadow=\"\"  data-ultimate-target='#ubtn-2817'  data-responsive-json-new='{\"font-size\":\"desktop:16px;\",\"line-height\":\"desktop:50px;\"}'  style=\"font-family:&#039;Poppins&#039;;font-weight:700;width:px;min-height:50px;padding:0px 35px;border-radius:40px;border-width:1px;border-color:#ffffff;border-style:solid;background: #ffffff;color: #202020;\"><span class=\"ubtn-hover\" style=\"background-color:\"><\/span><span class=\"ubtn-data ubtn-text \" >KONTAKT<\/span><\/button><\/a><\/div>[\/vc_column][\/vc_row]<\/p>\n","protected":false},"excerpt":{"rendered":"<p>[vc_row el_class=&#8221;section-who-we-are-h3&#8243;][vc_column width=&#8221;1\/2&#8243; el_class=&#8221;col-who-we-are-h3&#8243;][vc_column_text]Eno do mojih poslanstev je tudi predajanje znanja, in to najraje po\u010dnem v \u017eivo z neposredno komunikacijo. Ni lep\u0161ega, kot npr. preizkusiti manj znane ali nove sorte rastlin, jih spremljati od setve do cvetenja, jih ovekove\u010diti s fotografiranjem \u2013 \u0161e ena od mojih strasti \u2013 in rezultat pokazati vsem zainteresiranim. Ne predavam [&hellip;]<\/p>\n","protected":false},"author":1,"featured_media":0,"parent":0,"menu_order":0,"comment_status":"closed","ping_status":"closed","template":"","meta":{"footnotes":""},"class_list":["post-2616","page","type-page","status-publish","hentry"],"aioseo_notices":[],"_links":{"self":[{"href":"https:\/\/www.maticsever.com\/sl\/wp-json\/wp\/v2\/pages\/2616","targetHints":{"allow":["GET"]}}],"collection":[{"href":"https:\/\/www.maticsever.com\/sl\/wp-json\/wp\/v2\/pages"}],"about":[{"href":"https:\/\/www.maticsever.com\/sl\/wp-json\/wp\/v2\/types\/page"}],"author":[{"embeddable":true,"href":"https:\/\/www.maticsever.com\/sl\/wp-json\/wp\/v2\/users\/1"}],"replies":[{"embeddable":true,"href":"https:\/\/www.maticsever.com\/sl\/wp-json\/wp\/v2\/comments?post=2616"}],"version-history":[{"count":1,"href":"https:\/\/www.maticsever.com\/sl\/wp-json\/wp\/v2\/pages\/2616\/revisions"}],"predecessor-version":[{"id":2808,"href":"https:\/\/www.maticsever.com\/sl\/wp-json\/wp\/v2\/pages\/2616\/revisions\/2808"}],"wp:attachment":[{"href":"https:\/\/www.maticsever.com\/sl\/wp-json\/wp\/v2\/media?parent=2616"}],"curies":[{"name":"wp","href":"https:\/\/api.w.org\/{rel}","templated":true}]}}