{"id":2622,"date":"2019-11-11T11:10:22","date_gmt":"2019-11-11T10:10:22","guid":{"rendered":"https:\/\/www.maticsever.com\/?page_id=2622"},"modified":"2019-11-13T13:04:10","modified_gmt":"2019-11-13T12:04:10","slug":"reference","status":"publish","type":"page","link":"https:\/\/www.maticsever.com\/sl\/reference\/","title":{"rendered":"Reference"},"content":{"rendered":"<p>[vc_row css=&#8221;.vc_custom_1572338537200{padding-top: 10% !important;padding-bottom: 6% !important;}&#8221; el_class=&#8221;section-tabs-h1 reference-tabs&#8221;][vc_column]\n        <div id=\"gd-tabs-1b876abc68f34bde568a47d2d70d97ba\" class=\"gd-tabs js-el    vertical-style  \" data-gd-component=\"Tabs\">\n            <ul id=\"gd-tabs-tabs-1b876abc68f34bde568a47d2d70d97ba\" class=\"nav nav-tabs tab gd-tabs-tabs\" role=\"tablist\">\n                <li class=\"gd-tabs-tab  active\"><a href=\"#&#8221;1502432474217-4bd252d3-4d429549-1cd1&#8243;\" data-toggle=\"tab\" aria-expanded=\"false\"><div class=\"box\"><span class=\"&#8221;fa\"><\/span> <h3>&#8221;Trajnice<\/h3><\/div><\/a><\/li><li class=\"gd-tabs-tab \"><a href=\"#&#8221;1502436244904-277515e0-36749549-1cd1&#8243;\" data-toggle=\"tab\" aria-expanded=\"false\"><div class=\"box\"><span class=\"&#8221;fa\"><\/span> <h3>&#8221;Vro\u010de<\/h3><\/div><\/a><\/li><li class=\"gd-tabs-tab \"><a href=\"#&#8221;1572337602613-3c962e65-9e57&#8243;\" data-toggle=\"tab\" aria-expanded=\"false\"><div class=\"box\"><span class=\"&#8221;fa\"><\/span> <h3>&#8221;Vro\u010de<\/h3><\/div><\/a><\/li><li class=\"gd-tabs-tab \"><a href=\"#&#8221;1572337601688-b44b75ab-211a&#8221;\" data-toggle=\"tab\" aria-expanded=\"false\"><div class=\"box\"><span class=\"&#8221;fa\"><\/span> <h3>&#8221;Vivaces<\/h3><\/div><\/a><\/li><li class=\"gd-tabs-tab \"><a href=\"#&#8221;1572337589413-2d1a6353-6a5e&#8221;\" data-toggle=\"tab\" aria-expanded=\"false\"><div class=\"box\"><span class=\"&#8221;fa\"><\/span> <h3>&#8221;Cveto\u010de<\/h3><\/div><\/a><\/li>            <\/ul>\n            <div class=\"tab-content gd-tabs-panes page-bg-color\">\n                <div class=\"tab-pane fade gd-tabs-pane  active\" id=\"&#8221;1502432474217-4bd252d3-4d429549-1cd1&#8243;\"><div class=\"tab-details gd-tabs-pane-content panel-default \">[vc_single_image image=&#8221;1534&#8243; img_size=&#8221;full&#8221;]<div id=\"ultimate-heading-832469e7462b7cbdf\" class=\"qtc-heading uvc-heading ult-adjust-bottom-margin ultimate-heading-832469e7462b7cbdf uvc-7099 gb-title-mb\" data-hspacer=\"no_spacer\"  data-halign=\"left\" style=\"text-align:left\"><div class=\"uvc-heading-spacer no_spacer\" style=\"top\"><\/div><div class=\"qparadise-sub-title\"><p style=\"font-weight:normal;font-style:normal;font-size:36px;line-height:40px;\">Matic Sever<\/p><\/div><div class=\"uvc-main-heading ult-responsive\"  data-ultimate-target='.uvc-heading.ultimate-heading-832469e7462b7cbdf h1'  data-responsive-json-new='{\"font-size\":\"desktop:36px;\",\"line-height\":\"desktop:40px;\"}' ><h1 style=\"font-family:'Poppins';font-weight:700;color:#202020;margin-bottom:25px;\">Trajnice za vse letne \u010dase, 2009<\/h1><\/div><div class=\"uvc-sub-heading ult-responsive\"  data-ultimate-target='.uvc-heading.ultimate-heading-832469e7462b7cbdf .uvc-sub-heading '  data-responsive-json-new='{\"font-size\":\"desktop:14px;\",\"line-height\":\"desktop:26px;\"}'  style=\"font-family:'Poppins';font-weight:300;color:#4e5453;\">Matic Sever je v soavtorstvu z Alenko Gorzo, Samom Jerebom in Toma\u017eem \u00a0Veselom pripravil obse\u017eno delo o zasaditvah trajnic z naslovom Trajnice za vse letne \u010dase. Ve\u010d kot polovico knjige predstavljajo fotografije zasaditev trajnic, ki so bile posnete izklju\u010dno v slovenskih vrtovih. Jedro vsebine je razdeljeno na \u0161tiri dele oz. poglavja: Son\u010dni vrt, Skalni vrt, Sen\u010dni vrt in Vodni vrt. Skupaj je predstavljenih 100 zasaditev, vsaka predstavitev obsega 2 strani in je sestavljena iz naslova, seznama uporabljenih vrst oz. sort, znakov, ki predstavljajo pogoje za rast barvo zasaditve in \u010das cvetenja, predstavitvenim besedilom, dvema fotografijama in zanimivostjo ali nasvetom.<\/p><p>Pravi biser knjige pa so drobni nasveti, zanimivosti in namigi, ki jih najdemo na koncu besedila posamezne zasaditve. V njih avtorji podajo zanimive prakti\u010dne nasvete, ki izvirajo lastnih izku\u0161enj, ali iz izku\u0161enj lastnikov vrtov, kjer so fotografirali.<\/p><p><small>Povzeto s strani slonep.net<\/small><\/div><\/div><\/div><\/div><div class=\"tab-pane fade gd-tabs-pane \" id=\"&#8221;1502436244904-277515e0-36749549-1cd1&#8243;\"><div class=\"tab-details gd-tabs-pane-content panel-default \">[vc_single_image image=&#8221;1532&#8243; img_size=&#8221;full&#8221;]<div id=\"ultimate-heading-62069e7462b7cc4e\" class=\"qtc-heading uvc-heading ult-adjust-bottom-margin ultimate-heading-62069e7462b7cc4e uvc-5301 gb-title-mb\" data-hspacer=\"no_spacer\"  data-halign=\"left\" style=\"text-align:left\"><div class=\"uvc-heading-spacer no_spacer\" style=\"top\"><\/div><div class=\"qparadise-sub-title\"><p style=\"font-weight:normal;font-style:normal;font-size:36px;line-height:40px;\">Matic Sever<\/p><\/div><div class=\"uvc-main-heading ult-responsive\"  data-ultimate-target='.uvc-heading.ultimate-heading-62069e7462b7cc4e h2'  data-responsive-json-new='{\"font-size\":\"desktop:36px;\",\"line-height\":\"desktop:40px;\"}' ><h2 style=\"font-family:'Poppins';font-weight:700;color:#202020;margin-bottom:25px;\">Vro\u010de kombinacije, 2015<\/h2><\/div><div class=\"uvc-sub-heading ult-responsive\"  data-ultimate-target='.uvc-heading.ultimate-heading-62069e7462b7cc4e .uvc-sub-heading '  data-responsive-json-new='{\"font-size\":\"desktop:14px;\",\"line-height\":\"desktop:26px;\"}'  style=\"font-family:'Poppins';font-weight:300;color:#4e5453;\">Zasaditve trajnic za bolj suha in son\u010dna mesta. V knjigi je zajeto 41 kombinacij trajnic, ki so primerne za son\u010dna, bolj suha in tudi vro\u010da mesta. Nekatere potrebujejo le ob\u010dasno zalivanje, mnoge pa zdr\u017eijo tudi brez tega opravila v dalj\u0161ih su\u0161nih obdobjih. K vsaki zasaditvi oz. kombinaciji so podani dodatni predlogi trajnic, s katerimi bralec lahko nadgradi ali nekoliko spremeni obstoje\u010do idejo in si jo prilagodi za svoj vrt in za svoj okus.<\/p><p>Knjiga s podnaslovom Zasaditve za su\u0161o in vro\u010dino gre v korak s spremembami podnebja, ki smo jim v zadnjem desetletju ali dveh pri\u010da tudi pri nas. A intenzivnej\u0161a su\u0161na obdobja \u0161e niso razlog, da se moramo odre\u010di lepim okrasnim vrtovom, ki temeljijo na uporabi trajnic, pravi Matic Sever, tudi sodelavec na\u0161e priloge. Prilagoditev razmeram tudi ne pomeni le sredozemskih rastlin in sloga \u2026 \u00a0Vsaka zasaditev je predstavljena s celostno podobo in posami\u010dnimi rastlinami, ki so v njej uporabljene ali bi sodile vanjo. Kombinacije so dovolj natan\u010dno opisane, da jih lahko bralci kar prekopirajo ali pa, \u0161e bolje, spoznajo na\u010dela oblikovanja in izbiranja rastlin, na katerih temeljijo. Pohvaliti moramo tudi fotografije.<\/p><p><small>Revija Delo in dom<\/small><\/p><p>Kon\u010dno je pri nas iz\u0161la knjiga, ki se je ne bi sramovali niti v vrtnarsko bolj navdahnjenih de\u017eelah, kot je Slovenija. \u0160e nedavno se je bilo za zares dobro knjigo o trajnicah potruditi v tujino. Pri nas je bila namre\u010d bera doma\u010dih knjig s tako vsebino zelo pi\u010dla \u2026<\/p><p><small>Vrtnarska revija Zeleni raj<\/small><\/div><\/div><\/div><\/div><div class=\"tab-pane fade gd-tabs-pane \" id=\"&#8221;1572337602613-3c962e65-9e57&#8243;\"><div class=\"tab-details gd-tabs-pane-content panel-default \">[vc_single_image image=&#8221;1482&#8243; img_size=&#8221;full&#8221;]<div id=\"ultimate-heading-209869e7462b7cc98\" class=\"qtc-heading uvc-heading ult-adjust-bottom-margin ultimate-heading-209869e7462b7cc98 uvc-2766 gb-title-mb\" data-hspacer=\"no_spacer\"  data-halign=\"left\" style=\"text-align:left\"><div class=\"uvc-heading-spacer no_spacer\" style=\"top\"><\/div><div class=\"qparadise-sub-title\"><p style=\"font-weight:normal;font-style:normal;font-size:36px;line-height:40px;\">Matic Sever<\/p><\/div><div class=\"uvc-main-heading ult-responsive\"  data-ultimate-target='.uvc-heading.ultimate-heading-209869e7462b7cc98 h2'  data-responsive-json-new='{\"font-size\":\"desktop:36px;\",\"line-height\":\"desktop:40px;\"}' ><h2 style=\"font-family:'Poppins';font-weight:700;color:#202020;margin-bottom:25px;\">Vro\u010de trajnice, 2016<\/h2><\/div><div class=\"uvc-sub-heading ult-responsive\"  data-ultimate-target='.uvc-heading.ultimate-heading-209869e7462b7cc98 .uvc-sub-heading '  data-responsive-json-new='{\"font-size\":\"desktop:14px;\",\"line-height\":\"desktop:26px;\"}'  style=\"font-family:'Poppins';font-weight:300;color:#4e5453;\">Opis trajnic za suhe in son\u010dne lege. V knjigi je opisanih ve\u010d kot 40 rodov okrasnih zelnatih trajnic primernih za vrtnarjenje na su\u0161nej\u0161ih son\u010dnih legah. V uvodu so razlo\u017eene zahteve takih trajnic, njihove prilagoditve na su\u0161o in vro\u010dino. Sledijo opisi rodov po abecednem redu znanstvenih imen, zaradi \u017eelje po opisu \u010dim ve\u010d rodov, vrst in sort so dolo\u010dene prepoznavne trajnice zdru\u017eene v tri posebne skupine: okrasne trave, blazinaste trajnice in zeli\u0161\u010da. Knjiga se zaklju\u010di z obse\u017eno preglednico trajnic z najpomembnej\u0161imi podatki, kot so vi\u0161ina, barva, \u010das cvetenja, trpe\u017enost, gostota sajenja.<\/p><p>Vro\u010de trajnice so namenjene poglobljenemu spoznavanju vrst in sort, primernih za vrtnarjenje na zahtevnih in na prvi pogled za rastline nehvale\u017enih mestih. Avtor knjige Matic Sever, priznani mladi slovenski agronom in vrtnar, si je znanje in izku\u0161nje pridobival tudi na posestvu slovite hortikulturistke slovenskega rodu Jeleni De Belder-Kova\u010di\u010d. V pri\u010dujo\u010di knjigi podaja uporabne opise rastlin, razkriva njihove zahteve in lastnosti, hvalevredno je zlasti to, da izbira rastline, ki so primerne za zasaditve v na\u0161ih krajih. Knjiga je opremljena s \u0161tevilnimi nazornimi fotografijami, jedrnatimi opisi, pri katerih se avtor osredinja na tiste lastnosti rastlin, ki kupca rastlin pri oblikovanju dobrih zasaditev najbolj zanimajo.<\/p><p><small>\u010casnik Ve\u010der<\/small><\/p><p>Matic Sever je prav posebne sorte ljubitelj rastlin. Ne ob\u010duduje jih samo zaradi videza, temve\u010d se vanje poglobi in jih preu\u010duje tudi takrat, ko niso najbolj zanimive. Poglobi se v njihovo razrast, jim i\u0161\u010de ustrezna rasti\u0161\u010da in ustvarja dih jemajo\u010de kombinacije.<\/p><p>Zato bi morale Vro\u010de trajnice postati sestavni del vsake doma\u010de knji\u017enice, da o obveznem \u010dtivu bodo\u010dih in zdaj\u0161njih vrtnarjev, prodajalcev rastlin, na\u010drtovalcev in vzdr\u017eevalcev vrtov ter nenazadnje tudi krajinskih arhitektov niti ne govorim.<\/p><p><small>Vrtnarska revije Zeleni raj<\/small><br \/><\/div><\/div><\/div><\/div><div class=\"tab-pane fade gd-tabs-pane \" id=\"&#8221;1572337601688-b44b75ab-211a&#8221;\"><div class=\"tab-details gd-tabs-pane-content panel-default \">[vc_single_image image=&#8221;1536&#8243; img_size=&#8221;full&#8221;]<div id=\"ultimate-heading-393169e7462b7ccd8\" class=\"qtc-heading uvc-heading ult-adjust-bottom-margin ultimate-heading-393169e7462b7ccd8 uvc-8720 gb-title-mb\" data-hspacer=\"no_spacer\"  data-halign=\"left\" style=\"text-align:left\"><div class=\"uvc-heading-spacer no_spacer\" style=\"top\"><\/div><div class=\"qparadise-sub-title\"><p style=\"font-weight:normal;font-style:normal;font-size:36px;line-height:40px;\">Matic Sever<\/p><\/div><div class=\"uvc-main-heading ult-responsive\"  data-ultimate-target='.uvc-heading.ultimate-heading-393169e7462b7ccd8 h2'  data-responsive-json-new='{\"font-size\":\"desktop:36px;\",\"line-height\":\"desktop:40px;\"}' ><h2 style=\"font-family:'Poppins';font-weight:700;color:#202020;margin-bottom:25px;\">Vivaces sans arrosage, 2017<\/h2><\/div><div class=\"uvc-sub-heading ult-responsive\"  data-ultimate-target='.uvc-heading.ultimate-heading-393169e7462b7ccd8 .uvc-sub-heading '  data-responsive-json-new='{\"font-size\":\"desktop:14px;\",\"line-height\":\"desktop:26px;\"}'  style=\"font-family:'Poppins';font-weight:300;color:#4e5453;\">Zasaditve trajnic za bolj suha in son\u010dna mesta, francoski prevod.<\/p><p>Kombinacije rastlin, ki se poleti upirajo vro\u010dini in su\u0161i, hkrati pa lahko zdr\u017eijo razmere hudih zim, to je tisto, kar bo amaterski vrtnar odkril tukaj s \u0161tiridesetimi preprostimi predlogi in razli\u010dicami, ki vsakemu omogo\u010dajo nekaj vrtnarske kreativnosti.<\/p><p>Preberi celotno objavo: <a href=\"https:\/\/www.editions-ulmer.fr\/images\/doc\/1493041548.pdf\">https:\/\/www.editions-ulmer.fr\/images\/doc\/1493041548.pdf<\/a><\/p><p><small>Le Monde<\/small><\/p><p>&nbsp;<\/p><p>Zelo enostavno, dobro strukturirano delo, ki ponuja \u0161tevilne prakti\u010dne in grafi\u010dne re\u0161itve za kombiniranje trajnic na suhih tleh in odli\u010dno izpolnjuje obljube o svojem naslovu.<\/p><p>Preberi celotno objavo: <a href=\"https:\/\/www.editions-ulmer.fr\/images\/doc\/1493042387.pdf\">https:\/\/www.editions-ulmer.fr\/images\/doc\/1493042387.pdf<\/a><\/p><p><small>Les Plus Beaux Jardins<\/small><\/div><\/div><\/div><\/div><div class=\"tab-pane fade gd-tabs-pane \" id=\"&#8221;1572337589413-2d1a6353-6a5e&#8221;\"><div class=\"tab-details gd-tabs-pane-content panel-default \">[vc_single_image image=&#8221;1530&#8243; img_size=&#8221;full&#8221;]<div id=\"ultimate-heading-168869e7462b7cd21\" class=\"qtc-heading uvc-heading ult-adjust-bottom-margin ultimate-heading-168869e7462b7cd21 uvc-716 gb-title-mb\" data-hspacer=\"no_spacer\"  data-halign=\"left\" style=\"text-align:left\"><div class=\"uvc-heading-spacer no_spacer\" style=\"top\"><\/div><div class=\"qparadise-sub-title\"><p style=\"font-weight:normal;font-style:normal;font-size:36px;line-height:40px;\">Matic Sever<\/p><\/div><div class=\"uvc-main-heading ult-responsive\"  data-ultimate-target='.uvc-heading.ultimate-heading-168869e7462b7cd21 h2'  data-responsive-json-new='{\"font-size\":\"desktop:36px;\",\"line-height\":\"desktop:40px;\"}' ><h2 style=\"font-family:'Poppins';font-weight:700;color:#202020;margin-bottom:25px;\">Blossoming Pots, 2017<\/h2><\/div><div class=\"uvc-sub-heading ult-responsive\"  data-ultimate-target='.uvc-heading.ultimate-heading-168869e7462b7cd21 .uvc-sub-heading '  data-responsive-json-new='{\"font-size\":\"desktop:14px;\",\"line-height\":\"desktop:26px;\"}'  style=\"font-family:'Poppins';font-weight:300;color:#4e5453;\">Razli\u010dni primeri zasaditev cvetli\u010dnih posod z balkonskimi rastlinami, trajnicami in grmovnicami.<\/p><p>Matic Sever, ki v Ljubljani vodi vrtnarijo s trajnicami Carniola, nam zadnjih nekaj let vsako leto postre\u017ee z vsaj eno knji\u017e\u00adno novostjo. Medtem ko je bila doslej ve\u010dina posve\u010dena gojenju trajnic, se v knjigi Cveto\u010de posode osredoto\u010da na sezonske okrasne zasaditve, ki jih marsikdo reducira na enoletnice, ali po drugi strani na balkonske in okenske zasaditve, ki so pri nas na podro\u010dju rabe okrasnih rastlin dolgo prevladovale.<\/p><p>Ob zavedanju, da so okusi zelo razli\u010dni, nas avtor popelje skozi najpomembnej\u0161e zakonitosti dobrega kombiniranja rastlin z lepotnega vidika in nam predstavi navdihujo\u010de ideje. Kakor sam pravi, se knjiga prav zato ne osredoto\u010da na gojitvene zahteve za posamezne rastline in je obravnavanje vseh priljubljenih balkonskih rastlin v njej v podrejeni vlogi. Mnenja je, da se je v\u010dasih bolje omejiti na eno samo rastlino in jo dobro negovati, kot izbrati preve\u010d. Zbirka minaturnih host v glineni posodi v sen\u010dnem koti\u010dku ali alpskih rastlin z nekaj kamni je lahko marsikdaj u\u010dinkovitej\u0161i okras kot ocvetli\u010devanje vsevprek. Izbira rastlin za posode \u2013 tudi tem je v knjigi namenjen pomemben prostor \u2013 pri Maticu Severju ne vklju\u010duje le enoletnic, temve\u010d te premi\u0161ljeno kombinira z izbranimi trajnicami, celo kak\u0161nim grmi\u010d\u00adkom, dveletnicami in \u010debulnicami. In kombinacije mu ne pomeni le zdru\u017eba v eni posodi, temve\u010d sopostavitev ve\u010d posod z razli\u010dnimi rastlinami tako, da delujejo estetsko skladno.<\/p><p>V iskanju cveto\u010de harmonije se v knjigi posveti posameznim letnim \u010dasom: pomladne zasaditve do\u017eivlja kot osve\u017eitev in prebujanje, poletje kot \u010das obilja in barvitosti, jeseni naredi korak k bolj umirjenim odtenkom in razmi\u0161lja \u017ee za pomlad, pri manj\u0161em izboru za zimo primernih rastlin pa opozori na njihove odlike, ki jih v obdob\u00adju bujnega cvetenja spregledamo.<\/p><p><small>Revija Delo in dom<\/small><\/div><\/div><\/div><\/div>                <div class=\"clearboth\"><\/div>\n            <\/div>\n            <div class=\"clearboth\"><\/div>\n        <\/div>\n        [\/vc_column][\/vc_row]<\/p>\n","protected":false},"excerpt":{"rendered":"<p>[vc_row css=&#8221;.vc_custom_1572338537200{padding-top: 10% !important;padding-bottom: 6% !important;}&#8221; el_class=&#8221;section-tabs-h1 reference-tabs&#8221;][vc_column][\/vc_column][\/vc_row]<\/p>\n","protected":false},"author":1,"featured_media":0,"parent":0,"menu_order":0,"comment_status":"closed","ping_status":"closed","template":"","meta":{"footnotes":""},"class_list":["post-2622","page","type-page","status-publish","hentry"],"aioseo_notices":[],"_links":{"self":[{"href":"https:\/\/www.maticsever.com\/sl\/wp-json\/wp\/v2\/pages\/2622","targetHints":{"allow":["GET"]}}],"collection":[{"href":"https:\/\/www.maticsever.com\/sl\/wp-json\/wp\/v2\/pages"}],"about":[{"href":"https:\/\/www.maticsever.com\/sl\/wp-json\/wp\/v2\/types\/page"}],"author":[{"embeddable":true,"href":"https:\/\/www.maticsever.com\/sl\/wp-json\/wp\/v2\/users\/1"}],"replies":[{"embeddable":true,"href":"https:\/\/www.maticsever.com\/sl\/wp-json\/wp\/v2\/comments?post=2622"}],"version-history":[{"count":0,"href":"https:\/\/www.maticsever.com\/sl\/wp-json\/wp\/v2\/pages\/2622\/revisions"}],"wp:attachment":[{"href":"https:\/\/www.maticsever.com\/sl\/wp-json\/wp\/v2\/media?parent=2622"}],"curies":[{"name":"wp","href":"https:\/\/api.w.org\/{rel}","templated":true}]}}